{"id":4369,"date":"2026-01-16T00:00:18","date_gmt":"2026-01-16T00:00:18","guid":{"rendered":"https:\/\/100kmdelcaribe.com\/?page_id=4369"},"modified":"2026-03-28T00:11:49","modified_gmt":"2026-03-28T00:11:49","slug":"reglamento","status":"publish","type":"page","link":"https:\/\/100kmdelcaribe.com\/index.php\/reglamento\/","title":{"rendered":"REGLAMENTO"},"content":{"rendered":"\t\t<div data-elementor-type=\"wp-page\" data-elementor-id=\"4369\" class=\"elementor elementor-4369\">\n\t\t\t\t<div class=\"elementor-element elementor-element-cbd6f9b e-flex e-con-boxed wpr-particle-no wpr-jarallax-no wpr-parallax-no wpr-sticky-section-no e-con e-parent\" data-id=\"cbd6f9b\" data-element_type=\"container\">\n\t\t\t\t\t<div class=\"e-con-inner\">\n\t\t\t\t<div class=\"elementor-element elementor-element-1c3bd99 elementor-widget elementor-widget-heading\" data-id=\"1c3bd99\" data-element_type=\"widget\" data-widget_type=\"heading.default\">\n\t\t\t\t<div class=\"elementor-widget-container\">\n\t\t\t\t\t<h2 class=\"elementor-heading-title elementor-size-default\">REGLAMENTO<\/h2>\t\t\t\t<\/div>\n\t\t\t\t<\/div>\n\t\t\t\t\t<\/div>\n\t\t\t\t<\/div>\n\t\t<div class=\"elementor-element elementor-element-8ed55bf e-flex e-con-boxed wpr-particle-no wpr-jarallax-no wpr-parallax-no wpr-sticky-section-no e-con e-parent\" data-id=\"8ed55bf\" data-element_type=\"container\">\n\t\t\t\t\t<div class=\"e-con-inner\">\n\t\t\t\t<div class=\"elementor-element elementor-element-840f2e9 elementor-widget elementor-widget-text-editor\" data-id=\"840f2e9\" data-element_type=\"widget\" data-widget_type=\"text-editor.default\">\n\t\t\t\t<div class=\"elementor-widget-container\">\n\t\t\t\t\t\t\t\t\t<p><strong>ART.1 ORGANIZACI\u00d3N<\/strong><\/p><p>Bartaruga Investment Srl, es la creadora \u00a0de la carrera y est\u00e1\u00a0cargo de la organizaci\u00f3n deportiva y log\u00edstica de la carrera Isabel de Torres Trail que se llevar\u00e1 a cabo el domingo 28 de junio del 2026\u00a0en Puerto Plata, Rep\u00fablica\u00a0Dominicana.<\/p><p><strong>ART. 2 <\/strong><strong>DEFINICI\u00d3N<\/strong><strong>\u00a0DE LA CARRERA<\/strong><\/p><p>Isabel de Torres Trail es una competencia de trail abierta a corredores, caminantes y Nordic Walkers. Cubre una distancia de 20.3 Km. Tendr\u00e1 lugar en Puerto Plata, Rep\u00fablica Dominicana. \u00a0La distancia en Kil\u00f3metros en ambientes naturales son aproximados.<\/p><p>Recorrido con desniveles y de dificultad en monta\u00f1a con caminos rocosos.<\/p><p>Puntos de hidrataci\u00f2n:<\/p><p><strong><b>CP1<\/b><\/strong>: Km 6.3 Zona Casabera San Pi\u00f1\u00e9, Comunidad Los Tanos<\/p><p><strong><b>CP2<\/b><\/strong>: Km 10 Final carretera antes de cruzar el r\u00edo<\/p><p><strong><b>CP3<\/b><\/strong>: Km 16 El Cupey<\/p><p>Altimetr\u00eda: +1548msnm, -851msnm<\/p><p>Distancia Total: 20.3 Km<\/p><p>Inclinaci\u00f3n m\u00e1ximo: 45.7%<\/p><p><strong>ART.3 CONDICIONES DE ADMISI\u00d3N A LA INSCRIPCI\u00d3N<\/strong><\/p><p>Los concursantes deber\u00e1n ser mayores de edad , sin distinci\u00f3n de sexo. Menores de edad deber\u00e1n presentar carta de liberatoria firmada por los padres.<\/p><p>Todos los participantes, deber\u00e1n firmar un documento que libra de toda responsabilidad a la organizaci\u00f3n.<\/p><p>Precio carrera: RD$2,500<\/p><p>Inscripciones a trav\u00e9s de la p\u00e1gina <a href=\"http:\/\/www.100kmdelcaribe.com\"><u>www.100kmdelcaribe.com<\/u><\/a>\u00a0o realizando transferencia (enviar comprobante de pago a info@100kmdelcaribe.com):<\/p><p>Banco BHD<\/p><p>Yvette Maria Vinas<\/p><p>Cta. Ahorros 26151650013<\/p><p>Ced 402-4350233-9<\/p><p><strong>ART. 4 \u00a0ASISTENCIA M\u00c9DICA Y SEGURO<\/strong><\/p><p>Bartaruga Investment Srl tiene prevista una p\u00f3liza de seguro de responsabilidad civil.<\/p><p>Durante la carrera est\u00e1 prevista la asistencia m\u00e9dica.<\/p><p>La organizaci\u00f3n no asume ninguna responsabilidad \u00a0en caso de accidente, muerte o da\u00f1os que ocurriesen a los atletas durante la prueba<strong>.<\/strong><\/p><p><strong>ART. 5 LIBERATORIA<\/strong><\/p><p>Los participantes est\u00e1n completamente informados sobre los riesgos que corren durante la carrera y participan bajo su propia responsabilidad. La organizaci\u00f3n se libera de cualquier tipo de responsabilidad por accidente, ca\u00edda, enfermedad, heridas, muerte o da\u00f1os de cualquier tipo que pueda ocurrir durante la prueba \u00a0y los participantes no podr\u00e1n atribuir responsabilidad a terceros a\u00fan en el caso de accidentes causados por ellos. La inscripci\u00f3n a la carrera, al igual que la lectura y firma de las reglas y liberatoria de parte de los participantes, exonera la organizaci\u00f3n y todas las empresas participantes en el evento de cualquier tipo de responsabilidad. \u00a0<\/p><p><strong>ART. 6 ACEPTACI\u00d3N DEL REGLAMENTO<\/strong><\/p><p>Con la inscripci\u00f3n a la carrera, los concursantes dan por hecho la aceptaci\u00f3n del presente reglamento y de cada uno de sus art\u00edculos y autoriza a la organizaci\u00f3n la modificaci\u00f3n del mismo durante la prueba seg\u00fan el art. 17. \u00a0\u00a0La organizaci\u00f3n se reserva el derecho de realizar cambios en las reglas, rutas y horario de salidas en cualquier momento. \u00a0\u00a0\u00a0\u00a0\u00a0\u00a0<\/p><p><strong>ART. 7 MATERIAL OBLIGATORIO<\/strong><\/p><p>Cada uno de los participantes deber\u00e1 llevar consigo una lista de material m\u00ednimo de seguridad obligatorio durante toda la prueba.<\/p><p>Este equipo podr\u00e1 ser verificado por los comisarios en cualquier momento y tendr\u00e1 que estar completo so pena de penalizaci\u00f3n.<\/p><p>Material obligatorio:<\/p><ul><li>Su n\u00famero de dorsal personal, proporcionado por la Organizaci\u00f3n, el cual debe estar siempre perfectamente visible en su totalidad y adherido a la parte frontal de la camiseta o chaqueta.<\/li><li>Es obligatorio el uso de zapatos de correr cerrados. Est\u00e1 prohibido llevar sandalias o zapatos abiertos.<\/li><li>Botella o Mochila con al menos 1 litro de agua.<\/li><li>Una pieza de vestimenta para utilizar a la llegada en caso de que haya viento o lluvia en la cima de la monta\u00f1a.<\/li><li>Silbato<\/li><li>El uso de bastones de trail es opcional.<\/li><li>Recomendamos usar lentes de sol, gorra y llevar consigo repelente contra los mosquitos.<\/li><\/ul><p><strong>ART. 8 <\/strong><strong>CATEGOR\u00cdAS<\/strong><\/p><p>Primeros 3 lugares masculino y femenino. Primer lugar caminante masculino y femenino.<\/p><p><strong>ART. 9 PREMIOS<\/strong><\/p><p>Est\u00e1n previstas copas \/ placas a los primeros 3 lugares masculino y femenino. Al primer lugar caminante masculino y femenino.<\/p><p>Habr\u00e1\u00a0premios especiales a juicio de la organizaci\u00f3n.<\/p><p>Certificados por categor\u00eda:<\/p><p>18 \u2013 29<\/p><p>30 \u2013 39<\/p><p>40 \u2013 49<\/p><p>50 \u2013 59<\/p><p>60 en adelante<\/p><p>Para todos los participantes que lleguen a la meta est\u00e1 prevista una medalla de recuerdo.<\/p><p><strong>ART. 10 CLASIFICACI\u00d3N<\/strong><\/p><p>Los tiempos de cada participante ser\u00e1n cronometrados en horas, minutos y segundos.<\/p><p>Ser\u00e1 premiado obviamente el menor tiempo empleado.<\/p><p><strong>ART. 11 TIEMPO <\/strong><strong>L\u00cdMITE<\/strong><\/p><p><strong>El tiempo<\/strong><strong>\u00a0<\/strong><strong>l\u00edmite<\/strong><strong>\u00a0para terminar la <\/strong><strong>carrera de 20K<\/strong><strong>\u00a0es de 6,30 horas con un corte al km <\/strong><strong>16<\/strong><strong>\u00a0(CP3) a las 1<\/strong><strong>0<\/strong><strong>:<\/strong><strong>3<\/strong><strong>0 <\/strong><strong>AM<\/strong><strong>.<\/strong><\/p><p>La organizaci\u00f3n se reserva el derecho de retirar a cualquier corredor, que por excesiva lentitud o situaci\u00f3n de peligro, pueda alterar el desarrollo normal de la prueba.<\/p><p><strong>ART. 12 EL RECORRIDO<\/strong><\/p><p>El recorrido ser\u00e1 enteramente se\u00f1alado por la organizaci\u00f3n mediante cintas rojas y blancas y flechas, este ser\u00e1 el eje del trayecto que los participantes deber\u00e1n seguir.<\/p><p>No es permitido efectuar atajos y es obligatorio pasar por todos los puntos de control. \u00a0Solo en el trayecto oficial viene garantizada la asistencia de los concursantes y su eventual recuperaci\u00f3n.<\/p><p>Los kil\u00f3metros en ambientes naturales son aproximados.<\/p><p><strong>La llegada de la carrera es en la cima de la monta\u00f1a Isabel de Torres. Los atletas podr\u00e1n regresar a la ciudad con el safari o medios de transporte privado.<\/strong><\/p><p><strong>ART. 13 DESARROLLO DE LA CARRERA \/ PENALIDADES<\/strong><\/p><p>Se dar\u00e1\u00a0siempre informaci\u00f3n sobre la ruta media hora antes de la salida.<\/p><p>En cada checkpoint\u00a0habr\u00e1\u00a0agua, frutas, galletas.<\/p><p>Los participantes pueden ser penalizados en las siguientes \u00a0situaciones:<\/p><ul><li>N\u00famero de dorsal no visible o no colocado correctamente.<\/li><li>Tiren basura durante la carrera.<\/li><\/ul><p><strong>\u00a0<\/strong><\/p><p><strong>\u00a0<\/strong><\/p><p><strong>PENALIDADES:<\/strong><\/p><p>1ra amonestaci\u00f3n: 30 minutos de penalidad<\/p><p>2da amonestaci\u00f3n: 45 minutos de penalidad<\/p><p>3ra amonestaci\u00f3n: descalificaci\u00f3n de la carrera.<\/p><p>Las amonestaciones pueden ser aplicadas por cualquier miembro del staff oficial de los 100km del Caribe<\/p><p><strong>ART. 14 ABANDONO<\/strong><\/p><p>En caso de abandono definitivo de la carrera el concursante lo comunicar\u00e1 inmediatamente a un miembro del staff\u00a0y entregar\u00e1 el dorsal.<\/p><p>Se quedar\u00e1 de cualquier modo en el evento a cargo de la organizaci\u00f3n hasta ser transportado a la Meta.<\/p><p><strong>ART. 15 <\/strong><strong>DESCALIFICACI\u00d3N<\/strong><strong>\u00a0<\/strong><\/p><p>Los participantes ser\u00e1n descalificados si:<\/p><ul><li>No pasan el control al inicio o en alguno de los puntos de control a lo largo del recorrido;<\/li><li>Utilizan alg\u00fan medio de transporte durante la carrera;<\/li><li>Reciben ayuda no autorizada o externa;<\/li><li>Tiran basura fuera de los puntos de control y asistencia;<\/li><li>Se niegan a ser observados por los doctores de la carrera en cualquier momento durante la misma o respetar sus decisiones.<\/li><li>Emplean amenazas o insultan verbalmente al Comit\u00e9 de Organizaci\u00f3n, o se comportan de manera inadecuada.<\/li><\/ul><p>El Comit\u00e9 de Organizaci\u00f3n es la autoridad final encargada de descalificar a los atletas.<\/p><p>En caso de descalificaci\u00f3n ser\u00e1n removidos el chip y dorsal del participante.<\/p><p><strong>ART. 16 COBERTURA DE IMAGEN<\/strong><\/p><p>Todos los derechos de la utilizaci\u00f3n de im\u00e1genes de la \"Isabel de Torres Trail\" est\u00e1n reservados a la organizaci\u00f3n.<\/p><p>Los participantes, con la inscripci\u00f3n consienten que la organizaci\u00f3n disponga de su nombre y su imagen.<\/p><p>Cada toma fotogr\u00e1fica, v\u00eddeo o pel\u00edcula s\u00f3lo\u00a0podr\u00e1 ser usada\u00a0por los participantes para su uso privado, salvo una autorizaci\u00f3n particular.<\/p><p><strong>ART. 17 DERECHO ORGANIZATIVO<\/strong><\/p><p>El director de la carrera se reserva la posibilidad de intervenir y modificar a su juicio y por los motivos que comunicar\u00e1 en la reuni\u00f3n informativa de los puntos que corresponden al desarrollo de la misma de acuerdo al presente reglamento.<\/p><p>La direcci\u00f3n de la carrera se reserva tambi\u00e9n\u00a0el derecho de modificar a su juicio la ruta, el kilometraje o el n\u00famero de etapas de la prueba debido a razones clim\u00e1ticas, de seguridad, t\u00e9cnicas o de organizaci\u00f3n.<\/p><p><strong>\u00a0<\/strong><\/p><p><strong>LA <\/strong><strong>ORGANIZACI\u00d3N<\/strong><strong>.<\/strong><\/p>\t\t\t\t\t\t\t\t<\/div>\n\t\t\t\t<\/div>\n\t\t\t\t\t<\/div>\n\t\t\t\t<\/div>\n\t\t<div class=\"elementor-element elementor-element-11a8c4e e-flex e-con-boxed wpr-particle-no wpr-jarallax-no wpr-parallax-no wpr-sticky-section-no e-con e-parent\" data-id=\"11a8c4e\" data-element_type=\"container\">\n\t\t\t\t\t<div class=\"e-con-inner\">\n\t\t\t\t<div class=\"elementor-element elementor-element-8851197 wpr-button-icon-style-inline wpr-button-icon-position-right elementor-widget elementor-widget-wpr-button\" data-id=\"8851197\" data-element_type=\"widget\" data-widget_type=\"wpr-button.default\">\n\t\t\t\t<div class=\"elementor-widget-container\">\n\t\t\t\t\t\t\n\t\t\t\n\t\t\n\t\t<div class=\"wpr-button-wrap elementor-clearfix\">\n\t\t<a class=\"wpr-button wpr-button-effect elementor-animation-shrink\" data-text=\"Go\" href=\"https:\/\/100kmdelcaribe.com\/index.php\/formularioisabeldetrorrestrail\/\">\n\t\t\t\n\t\t\t<span class=\"wpr-button-content\">\n\t\t\t\t\t\t\t\t\t<span class=\"wpr-button-text\">INSCRIPCIONES<\/span>\n\t\t\t\t\t\t\t\t\n\t\t\t\t\t\t\t\t\t<span class=\"wpr-button-icon\"><svg class=\"e-font-icon-svg e-fas-angle-right\" viewBox=\"0 0 256 512\" xmlns=\"http:\/\/www.w3.org\/2000\/svg\"><path d=\"M224.3 273l-136 136c-9.4 9.4-24.6 9.4-33.9 0l-22.6-22.6c-9.4-9.4-9.4-24.6 0-33.9l96.4-96.4-96.4-96.4c-9.4-9.4-9.4-24.6 0-33.9L54.3 103c9.4-9.4 24.6-9.4 33.9 0l136 136c9.5 9.4 9.5 24.6.1 34z\"><\/path><\/svg><\/span>\n\t\t\t\t\t\t\t<\/span>\n\t\t<\/a>\n\n\t\t\t\t<\/div>\n\t\n\t\n\t\t\t\t\t<\/div>\n\t\t\t\t<\/div>\n\t\t\t\t\t<\/div>\n\t\t\t\t<\/div>\n\t\t\t\t<\/div>\n\t\t","protected":false},"excerpt":{"rendered":"<p>REGLAMENTO ART.1 ORGANIZACI\u00d3N Bartaruga Investment Srl, es la creadora \u00a0de la carrera y est\u00e1\u00a0cargo de la organizaci\u00f3n deportiva y log\u00edstica de la carrera Isabel de Torres Trail que se llevar\u00e1 a cabo el domingo 28 de junio del 2026\u00a0en Puerto Plata, Rep\u00fablica\u00a0Dominicana. ART. 2 DEFINICI\u00d3N\u00a0DE LA CARRERA Isabel de Torres Trail es una competencia de trail abierta a corredores, caminantes y Nordic Walkers. Cubre una distancia de 20.3 Km. Tendr\u00e1 lugar en Puerto Plata, Rep\u00fablica Dominicana. \u00a0La distancia en Kil\u00f3metros en ambientes naturales son aproximados. Recorrido con desniveles y de dificultad en monta\u00f1a con caminos rocosos. Puntos de hidrataci\u00f2n: CP1: Km 6.3 Zona Casabera San Pi\u00f1\u00e9, Comunidad Los Tanos CP2: Km 10 Final carretera antes de cruzar el r\u00edo CP3: Km 16 El Cupey Altimetr\u00eda: +1548msnm, -851msnm Distancia Total: 20.3 Km Inclinaci\u00f3n m\u00e1ximo: 45.7% ART.3 CONDICIONES DE ADMISI\u00d3N A LA INSCRIPCI\u00d3N Los concursantes deber\u00e1n ser mayores de edad , sin distinci\u00f3n de sexo. Menores de edad deber\u00e1n presentar carta de liberatoria firmada por los padres. Todos los participantes, deber\u00e1n firmar un documento que libra de toda responsabilidad a la organizaci\u00f3n. Precio carrera: RD$2,500 Inscripciones a trav\u00e9s de la p\u00e1gina www.100kmdelcaribe.com\u00a0o realizando transferencia (enviar comprobante de pago a info@100kmdelcaribe.com): Banco BHD Yvette Maria Vinas Cta. Ahorros 26151650013 Ced 402-4350233-9 ART. 4 \u00a0ASISTENCIA M\u00c9DICA Y SEGURO Bartaruga Investment Srl tiene prevista una p\u00f3liza de seguro de responsabilidad civil. Durante la carrera est\u00e1 prevista la asistencia m\u00e9dica. La organizaci\u00f3n no asume ninguna responsabilidad \u00a0en caso de accidente, muerte o da\u00f1os que ocurriesen a los atletas durante la prueba. ART. 5 LIBERATORIA Los participantes est\u00e1n completamente informados sobre los riesgos que corren durante la carrera y participan bajo su propia responsabilidad. La organizaci\u00f3n se libera de cualquier tipo de responsabilidad por accidente, ca\u00edda, enfermedad, heridas, muerte o da\u00f1os de cualquier tipo que pueda ocurrir durante la prueba \u00a0y los participantes no podr\u00e1n atribuir responsabilidad a terceros a\u00fan en el caso de accidentes causados por ellos. La inscripci\u00f3n a la carrera, al igual que la lectura y firma de las reglas y liberatoria de parte de los participantes, exonera la organizaci\u00f3n y todas las empresas participantes en el evento de cualquier tipo de responsabilidad. \u00a0 ART. 6 ACEPTACI\u00d3N DEL REGLAMENTO Con la inscripci\u00f3n a la carrera, los concursantes dan por hecho la aceptaci\u00f3n del presente reglamento y de cada uno de sus art\u00edculos y autoriza a la organizaci\u00f3n la modificaci\u00f3n del mismo durante la prueba seg\u00fan el art. 17. \u00a0\u00a0La organizaci\u00f3n se reserva el derecho de realizar cambios en las reglas, rutas y horario de salidas en cualquier momento. \u00a0\u00a0\u00a0\u00a0\u00a0\u00a0 ART. 7 MATERIAL OBLIGATORIO Cada uno de los participantes deber\u00e1 llevar consigo una lista de material m\u00ednimo de seguridad obligatorio durante toda la prueba. Este equipo podr\u00e1 ser verificado por los comisarios en cualquier momento y tendr\u00e1 que estar completo so pena de penalizaci\u00f3n. Material obligatorio: Su n\u00famero de dorsal personal, proporcionado por la Organizaci\u00f3n, el cual debe estar siempre perfectamente visible en su totalidad y adherido a la parte frontal de la camiseta o chaqueta. Es obligatorio el uso de zapatos de correr cerrados. Est\u00e1 prohibido llevar sandalias o zapatos abiertos. Botella o Mochila con al menos 1 litro de agua. Una pieza de vestimenta para utilizar a la llegada en caso de que haya viento o lluvia en la cima de la monta\u00f1a. Silbato El uso de bastones de trail es opcional. Recomendamos usar lentes de sol, gorra y llevar consigo repelente contra los mosquitos. ART. 8 CATEGOR\u00cdAS Primeros 3 lugares masculino y femenino. Primer lugar caminante masculino y femenino. ART. 9 PREMIOS Est\u00e1n previstas copas \/ placas a los primeros 3 lugares masculino y femenino. Al primer lugar caminante masculino y femenino. Habr\u00e1\u00a0premios especiales a juicio de la organizaci\u00f3n. Certificados por categor\u00eda: 18 \u2013 29 30 \u2013 39 40 \u2013 49 50 \u2013 59 60 en adelante Para todos los participantes que lleguen a la meta est\u00e1 prevista una medalla de recuerdo. ART. 10 CLASIFICACI\u00d3N Los tiempos de cada participante ser\u00e1n cronometrados en horas, minutos y segundos. Ser\u00e1 premiado obviamente el menor tiempo empleado. ART. 11 TIEMPO L\u00cdMITE El tiempo\u00a0l\u00edmite\u00a0para terminar la carrera de 20K\u00a0es de 6,30 horas con un corte al km 16\u00a0(CP3) a las 10:30 AM. La organizaci\u00f3n se reserva el derecho de retirar a cualquier corredor, que por excesiva lentitud o situaci\u00f3n de peligro, pueda alterar el desarrollo normal de la prueba. ART. 12 EL RECORRIDO El recorrido ser\u00e1 enteramente se\u00f1alado por la organizaci\u00f3n mediante cintas rojas y blancas y flechas, este ser\u00e1 el eje del trayecto que los participantes deber\u00e1n seguir. No es permitido efectuar atajos y es obligatorio pasar por todos los puntos de control. \u00a0Solo en el trayecto oficial viene garantizada la asistencia de los concursantes y su eventual recuperaci\u00f3n. Los kil\u00f3metros en ambientes naturales son aproximados. La llegada de la carrera es en la cima de la monta\u00f1a Isabel de Torres. Los atletas podr\u00e1n regresar a la ciudad con el safari o medios de transporte privado. ART. 13 DESARROLLO DE LA CARRERA \/ PENALIDADES Se dar\u00e1\u00a0siempre informaci\u00f3n sobre la ruta media hora antes de la salida. En cada checkpoint\u00a0habr\u00e1\u00a0agua, frutas, galletas. Los participantes pueden ser penalizados en las siguientes \u00a0situaciones: N\u00famero de dorsal no visible o no colocado correctamente. Tiren basura durante la carrera. \u00a0 \u00a0 PENALIDADES: 1ra amonestaci\u00f3n: 30 minutos de penalidad 2da amonestaci\u00f3n: 45 minutos de penalidad 3ra amonestaci\u00f3n: descalificaci\u00f3n de la carrera. Las amonestaciones pueden ser aplicadas por cualquier miembro del staff oficial de los 100km del Caribe ART. 14 ABANDONO En caso de abandono definitivo de la carrera el concursante lo comunicar\u00e1 inmediatamente a un miembro del staff\u00a0y entregar\u00e1 el dorsal. Se quedar\u00e1 de cualquier modo en el evento a cargo de la organizaci\u00f3n hasta ser transportado a la Meta. ART. 15 DESCALIFICACI\u00d3N\u00a0 Los participantes ser\u00e1n descalificados si: No pasan el control al inicio o en alguno de los puntos de control a lo largo del recorrido; Utilizan alg\u00fan medio de transporte durante la carrera; Reciben ayuda no autorizada o externa; Tiran basura fuera de los puntos de control y<\/p>\n","protected":false},"author":1,"featured_media":0,"parent":0,"menu_order":0,"comment_status":"closed","ping_status":"closed","template":"","meta":{"footnotes":""},"class_list":["post-4369","page","type-page","status-publish","hentry"],"_links":{"self":[{"href":"https:\/\/100kmdelcaribe.com\/index.php\/wp-json\/wp\/v2\/pages\/4369","targetHints":{"allow":["GET"]}}],"collection":[{"href":"https:\/\/100kmdelcaribe.com\/index.php\/wp-json\/wp\/v2\/pages"}],"about":[{"href":"https:\/\/100kmdelcaribe.com\/index.php\/wp-json\/wp\/v2\/types\/page"}],"author":[{"embeddable":true,"href":"https:\/\/100kmdelcaribe.com\/index.php\/wp-json\/wp\/v2\/users\/1"}],"replies":[{"embeddable":true,"href":"https:\/\/100kmdelcaribe.com\/index.php\/wp-json\/wp\/v2\/comments?post=4369"}],"version-history":[{"count":10,"href":"https:\/\/100kmdelcaribe.com\/index.php\/wp-json\/wp\/v2\/pages\/4369\/revisions"}],"predecessor-version":[{"id":4490,"href":"https:\/\/100kmdelcaribe.com\/index.php\/wp-json\/wp\/v2\/pages\/4369\/revisions\/4490"}],"wp:attachment":[{"href":"https:\/\/100kmdelcaribe.com\/index.php\/wp-json\/wp\/v2\/media?parent=4369"}],"curies":[{"name":"wp","href":"https:\/\/api.w.org\/{rel}","templated":true}]}}