{"id":4125,"date":"2025-06-26T02:08:26","date_gmt":"2025-06-26T02:08:26","guid":{"rendered":"https:\/\/100kmdelcaribe.com\/?page_id=4125"},"modified":"2026-01-16T00:51:44","modified_gmt":"2026-01-16T00:51:44","slug":"5kfamilyrunpropagas","status":"publish","type":"page","link":"https:\/\/100kmdelcaribe.com\/index.php\/5kfamilyrunpropagas\/","title":{"rendered":"5K Family Run Propagas"},"content":{"rendered":"\t\t<div data-elementor-type=\"wp-page\" data-elementor-id=\"4125\" class=\"elementor elementor-4125\">\n\t\t\t\t<div class=\"elementor-element elementor-element-fb6ad4f e-flex e-con-boxed wpr-particle-no wpr-jarallax-no wpr-parallax-no wpr-sticky-section-no e-con e-parent\" data-id=\"fb6ad4f\" data-element_type=\"container\">\n\t\t\t\t\t<div class=\"e-con-inner\">\n\t\t<div class=\"elementor-element elementor-element-01c0db3 e-con-full e-flex wpr-particle-no wpr-jarallax-no wpr-parallax-no wpr-sticky-section-no e-con e-child\" data-id=\"01c0db3\" data-element_type=\"container\">\n\t\t\t\t<div class=\"elementor-element elementor-element-957db6c elementor-widget elementor-widget-image\" data-id=\"957db6c\" data-element_type=\"widget\" data-widget_type=\"image.default\">\n\t\t\t\t<div class=\"elementor-widget-container\">\n\t\t\t\t\t\t\t\t\t\t\t\t\t\t\t<img fetchpriority=\"high\" decoding=\"async\" width=\"600\" height=\"600\" src=\"https:\/\/100kmdelcaribe.com\/wp-content\/uploads\/2025\/06\/Diseno-sin-titulo-1-600x600.png\" class=\"attachment-woocommerce_single size-woocommerce_single wp-image-4157\" alt=\"\" srcset=\"https:\/\/100kmdelcaribe.com\/wp-content\/uploads\/2025\/06\/Diseno-sin-titulo-1-600x600.png 600w, https:\/\/100kmdelcaribe.com\/wp-content\/uploads\/2025\/06\/Diseno-sin-titulo-1-300x300.png 300w, https:\/\/100kmdelcaribe.com\/wp-content\/uploads\/2025\/06\/Diseno-sin-titulo-1-1024x1024.png 1024w, https:\/\/100kmdelcaribe.com\/wp-content\/uploads\/2025\/06\/Diseno-sin-titulo-1-150x150.png 150w, https:\/\/100kmdelcaribe.com\/wp-content\/uploads\/2025\/06\/Diseno-sin-titulo-1-768x768.png 768w, https:\/\/100kmdelcaribe.com\/wp-content\/uploads\/2025\/06\/Diseno-sin-titulo-1-100x100.png 100w, https:\/\/100kmdelcaribe.com\/wp-content\/uploads\/2025\/06\/Diseno-sin-titulo-1.png 1080w\" sizes=\"(max-width: 600px) 100vw, 600px\" \/>\t\t\t\t\t\t\t\t\t\t\t\t\t\t\t<\/div>\n\t\t\t\t<\/div>\n\t\t\t\t<\/div>\n\t\t<div class=\"elementor-element elementor-element-0aedc11 e-con-full e-flex wpr-particle-no wpr-jarallax-no wpr-parallax-no wpr-sticky-section-no e-con e-child\" data-id=\"0aedc11\" data-element_type=\"container\">\n\t\t\t\t<div class=\"elementor-element elementor-element-c17e81b wpr-fancy-text-rotate-3 wpr-advanced-text-style-animated wpr-animated-text-infinite-yes elementor-widget elementor-widget-wpr-advanced-text\" data-id=\"c17e81b\" data-element_type=\"widget\" data-settings=\"{&quot;anim_loop&quot;:&quot;yes&quot;}\" data-widget_type=\"wpr-advanced-text.default\">\n\t\t\t\t<div class=\"elementor-widget-container\">\n\t\t\t\t\t\n\t\t<h3 class=\"wpr-advanced-text\">\n\n\t\t\t\t\t\n\t\t\t\t\t\t\t<span class=\"wpr-advanced-text-preffix\">5K Family Run Propagas<\/span>\n\t\t\t\n\t\t<span class=\"wpr-anim-text wpr-anim-text-type-rotate-3 wpr-anim-text-letters\" data-anim-duration=\"200,2000\" data-anim-loop=\"yes\">\n\t\t\t<span class=\"wpr-anim-text-inner\">\n\t\t\t\t\t\t\t<\/span>\n\t\t\t\t\t<\/span>\n\n\t\t\t\t\n\t\t<\/h3>\n\t\t\n\t\t\t\t\t\t<\/div>\n\t\t\t\t<\/div>\n\t\t\t\t<div class=\"elementor-element elementor-element-b5648a6 elementor-widget elementor-widget-text-editor\" data-id=\"b5648a6\" data-element_type=\"widget\" data-widget_type=\"text-editor.default\">\n\t\t\t\t<div class=\"elementor-widget-container\">\n\t\t\t\t\t\t\t\t\t<p><strong>PROGRAMA 6 &#8211; 7 DE MARZO 2027<\/strong><br \/>100KM DEL CARIBE NON STOP by Propagas <br \/>5K FAMILY RUN Propagas &#8211; 9na Edici\u00f3n<\/p><h6><span style=\"text-decoration: underline;\"><strong><span style=\"color: #000000; text-decoration: underline;\">S\u00e1bado 6 de marzo :<\/span><\/strong><\/span><\/h6><p><strong><span style=\"color: #0000ff;\">02:00 a 03:15 AM: San Jos\u00e9 de Ocoa:<\/span> <\/strong>Entrega de mochila adicional para llevar al CP4 en La Pir\u00e1mide. Se aceptar\u00e1 solo una (1) mochila por participante. <br \/><strong>04:00 AM: Salida carrera<\/strong>. Punto de salida Rancho Francisco en San Jos\u00e9 de Ocoa.<br \/><strong>06:00 AM: Traslado de atletas<\/strong> 50K desde el Hotel Altocerro en Constanza hacia La Pir\u00e1mide. Este servicio se ofrecer\u00e1 solo para los atletas de los 50K desde Constanza y <span style=\"color: #ff0000;\">NO desde San Jos\u00e9 de Ocoa.<\/span><br \/>10:00 AM: Salida carrera categor\u00eda 50K Individual en La Pir\u00e1mide<\/p><h6><span style=\"text-decoration: underline;\"><span style=\"color: #000000;\"><strong>Domingo 7 de marzo:<\/strong><\/span><\/span><\/h6><p><strong><span style=\"color: #0000ff;\">04:00 AM:<\/span><\/strong> Hora l\u00edmite de llegada 100km del Caribe Non Stop by Propagas<br \/><strong><span style=\"color: #0000ff;\">08:00 AM:<\/span><\/strong> Inicio entrega de kits 5K Family Run Propagas Hotel Altocerro<br \/><strong><span style=\"color: #0000ff;\">09:00 AM:<\/span><\/strong> Inicio animaci\u00f3n y m\u00fasica Hotel Altocerro<br \/><strong><span style=\"color: #0000ff;\">10:30 AM:<\/span><\/strong> Inicio carrera 5K Family Run Propagas<br \/><strong><span style=\"color: #0000ff;\">11:30 AM:<\/span> <\/strong>Premiaciones 100km del Caribe Non Stop by Propagas y 5K Family Run Propagas<\/p><p><br \/><strong>\u00a1Nos vemos el pr\u00f3ximo a\u00f1o!<\/strong><\/p>\t\t\t\t\t\t\t\t<\/div>\n\t\t\t\t<\/div>\n\t\t\t\t<\/div>\n\t\t\t\t\t<\/div>\n\t\t\t\t<\/div>\n\t\t<div class=\"elementor-element elementor-element-db73a82 e-flex e-con-boxed wpr-particle-no wpr-jarallax-no wpr-parallax-no wpr-sticky-section-no e-con e-parent\" data-id=\"db73a82\" data-element_type=\"container\">\n\t\t\t\t\t<div class=\"e-con-inner\">\n\t\t\t\t<div class=\"elementor-element elementor-element-3b3667d wpr-button-icon-style-inline wpr-button-icon-position-right elementor-widget elementor-widget-wpr-button\" data-id=\"3b3667d\" data-element_type=\"widget\" data-widget_type=\"wpr-button.default\">\n\t\t\t\t<div class=\"elementor-widget-container\">\n\t\t\t\t\t\t\n\t\t\t\n\t\t\n\t\t<div class=\"wpr-button-wrap elementor-clearfix\">\n\t\t<div class=\"wpr-button wpr-button-effect elementor-animation-shrink\" data-text=\"Go\">\n\t\t\t\n\t\t\t<span class=\"wpr-button-content\">\n\t\t\t\t\t\t\t\t\t<span class=\"wpr-button-text\">PROXIMAMENTE<\/span>\n\t\t\t\t\t\t\t\t\n\t\t\t\t\t\t\t\t\t<span class=\"wpr-button-icon\"><svg class=\"e-font-icon-svg e-fas-angle-right\" viewBox=\"0 0 256 512\" xmlns=\"http:\/\/www.w3.org\/2000\/svg\"><path d=\"M224.3 273l-136 136c-9.4 9.4-24.6 9.4-33.9 0l-22.6-22.6c-9.4-9.4-9.4-24.6 0-33.9l96.4-96.4-96.4-96.4c-9.4-9.4-9.4-24.6 0-33.9L54.3 103c9.4-9.4 24.6-9.4 33.9 0l136 136c9.5 9.4 9.5 24.6.1 34z\"><\/path><\/svg><\/span>\n\t\t\t\t\t\t\t<\/span>\n\t\t<\/div>\n\n\t\t\t\t<\/div>\n\t\n\t\n\t\t\t\t\t<\/div>\n\t\t\t\t<\/div>\n\t\t\t\t\t<\/div>\n\t\t\t\t<\/div>\n\t\t\t\t<\/div>\n\t\t","protected":false},"excerpt":{"rendered":"<p>5K Family Run Propagas PROGRAMA 6 &#8211; 7 DE MARZO 2027100KM DEL CARIBE NON STOP by Propagas 5K FAMILY RUN Propagas &#8211; 9na Edici\u00f3n S\u00e1bado 6 de marzo : 02:00 a 03:15 AM: San Jos\u00e9 de Ocoa: Entrega de mochila adicional para llevar al CP4 en La Pir\u00e1mide. Se aceptar\u00e1 solo una (1) mochila por participante. 04:00 AM: Salida carrera. Punto de salida Rancho Francisco en San Jos\u00e9 de Ocoa.06:00 AM: Traslado de atletas 50K desde el Hotel Altocerro en Constanza hacia La Pir\u00e1mide. Este servicio se ofrecer\u00e1 solo para los atletas de los 50K desde Constanza y NO desde San Jos\u00e9 de Ocoa.10:00 AM: Salida carrera categor\u00eda 50K Individual en La Pir\u00e1mide Domingo 7 de marzo: 04:00 AM: Hora l\u00edmite de llegada 100km del Caribe Non Stop by Propagas08:00 AM: Inicio entrega de kits 5K Family Run Propagas Hotel Altocerro09:00 AM: Inicio animaci\u00f3n y m\u00fasica Hotel Altocerro10:30 AM: Inicio carrera 5K Family Run Propagas11:30 AM: Premiaciones 100km del Caribe Non Stop by Propagas y 5K Family Run Propagas \u00a1Nos vemos el pr\u00f3ximo a\u00f1o! PROXIMAMENTE<\/p>\n","protected":false},"author":1,"featured_media":0,"parent":0,"menu_order":0,"comment_status":"closed","ping_status":"closed","template":"","meta":{"footnotes":""},"class_list":["post-4125","page","type-page","status-publish","hentry"],"_links":{"self":[{"href":"https:\/\/100kmdelcaribe.com\/index.php\/wp-json\/wp\/v2\/pages\/4125","targetHints":{"allow":["GET"]}}],"collection":[{"href":"https:\/\/100kmdelcaribe.com\/index.php\/wp-json\/wp\/v2\/pages"}],"about":[{"href":"https:\/\/100kmdelcaribe.com\/index.php\/wp-json\/wp\/v2\/types\/page"}],"author":[{"embeddable":true,"href":"https:\/\/100kmdelcaribe.com\/index.php\/wp-json\/wp\/v2\/users\/1"}],"replies":[{"embeddable":true,"href":"https:\/\/100kmdelcaribe.com\/index.php\/wp-json\/wp\/v2\/comments?post=4125"}],"version-history":[{"count":17,"href":"https:\/\/100kmdelcaribe.com\/index.php\/wp-json\/wp\/v2\/pages\/4125\/revisions"}],"predecessor-version":[{"id":4430,"href":"https:\/\/100kmdelcaribe.com\/index.php\/wp-json\/wp\/v2\/pages\/4125\/revisions\/4430"}],"wp:attachment":[{"href":"https:\/\/100kmdelcaribe.com\/index.php\/wp-json\/wp\/v2\/media?parent=4125"}],"curies":[{"name":"wp","href":"https:\/\/api.w.org\/{rel}","templated":true}]}}