{"id":3671,"date":"2024-09-01T15:03:15","date_gmt":"2024-09-01T15:03:15","guid":{"rendered":"https:\/\/100kmdelcaribe.com\/?page_id=3671"},"modified":"2026-03-28T00:26:43","modified_gmt":"2026-03-28T00:26:43","slug":"isabel-de-trorres-trail-race","status":"publish","type":"page","link":"https:\/\/100kmdelcaribe.com\/index.php\/isabel-de-trorres-trail-race\/","title":{"rendered":"Isabel de Torres Trail Race"},"content":{"rendered":"\t\t<div data-elementor-type=\"wp-page\" data-elementor-id=\"3671\" class=\"elementor elementor-3671\">\n\t\t\t\t<div class=\"elementor-element elementor-element-bc74d65 e-flex e-con-boxed wpr-particle-no wpr-jarallax-no wpr-parallax-no wpr-sticky-section-no e-con e-parent\" data-id=\"bc74d65\" data-element_type=\"container\">\n\t\t\t\t\t<div class=\"e-con-inner\">\n\t\t<div class=\"elementor-element elementor-element-449e2c2 e-con-full e-flex wpr-particle-no wpr-jarallax-no wpr-parallax-no wpr-sticky-section-no e-con e-child\" data-id=\"449e2c2\" data-element_type=\"container\">\n\t\t<div class=\"elementor-element elementor-element-ba24bc3 e-con-full e-flex wpr-particle-no wpr-jarallax-no wpr-parallax-no wpr-sticky-section-no e-con e-child\" data-id=\"ba24bc3\" data-element_type=\"container\">\n\t\t\t\t<div class=\"elementor-element elementor-element-6a625d2 elementor-widget elementor-widget-image\" data-id=\"6a625d2\" data-element_type=\"widget\" data-widget_type=\"image.default\">\n\t\t\t\t<div class=\"elementor-widget-container\">\n\t\t\t\t\t\t\t\t\t\t\t\t\t\t\t<img fetchpriority=\"high\" decoding=\"async\" width=\"960\" height=\"700\" src=\"https:\/\/100kmdelcaribe.com\/wp-content\/uploads\/2025\/05\/Imagen-de-WhatsApp-2025-05-10-a-las-08.59.49_f0dea78e-1024x747.jpg\" class=\"elementor-animation-shrink attachment-large size-large wp-image-4015\" alt=\"\" srcset=\"https:\/\/100kmdelcaribe.com\/wp-content\/uploads\/2025\/05\/Imagen-de-WhatsApp-2025-05-10-a-las-08.59.49_f0dea78e-1024x747.jpg 1024w, https:\/\/100kmdelcaribe.com\/wp-content\/uploads\/2025\/05\/Imagen-de-WhatsApp-2025-05-10-a-las-08.59.49_f0dea78e-300x219.jpg 300w, https:\/\/100kmdelcaribe.com\/wp-content\/uploads\/2025\/05\/Imagen-de-WhatsApp-2025-05-10-a-las-08.59.49_f0dea78e-768x560.jpg 768w, https:\/\/100kmdelcaribe.com\/wp-content\/uploads\/2025\/05\/Imagen-de-WhatsApp-2025-05-10-a-las-08.59.49_f0dea78e-1536x1120.jpg 1536w, https:\/\/100kmdelcaribe.com\/wp-content\/uploads\/2025\/05\/Imagen-de-WhatsApp-2025-05-10-a-las-08.59.49_f0dea78e-600x438.jpg 600w, https:\/\/100kmdelcaribe.com\/wp-content\/uploads\/2025\/05\/Imagen-de-WhatsApp-2025-05-10-a-las-08.59.49_f0dea78e.jpg 1599w\" sizes=\"(max-width: 960px) 100vw, 960px\" \/>\t\t\t\t\t\t\t\t\t\t\t\t\t\t\t<\/div>\n\t\t\t\t<\/div>\n\t\t\t\t<\/div>\n\t\t<div class=\"elementor-element elementor-element-e509e06 e-con-full e-flex wpr-particle-no wpr-jarallax-no wpr-parallax-no wpr-sticky-section-no e-con e-child\" data-id=\"e509e06\" data-element_type=\"container\">\n\t\t\t\t<div class=\"elementor-element elementor-element-fc51beb elementor-widget-laptop__width-initial elementor-widget elementor-widget-heading\" data-id=\"fc51beb\" data-element_type=\"widget\" data-widget_type=\"heading.default\">\n\t\t\t\t<div class=\"elementor-widget-container\">\n\t\t\t\t\t<h2 class=\"elementor-heading-title elementor-size-default\">Isabel de Torres Trail <\/h2>\t\t\t\t<\/div>\n\t\t\t\t<\/div>\n\t\t\t\t<div class=\"elementor-element elementor-element-9ce2ae2 elementor-widget elementor-widget-text-editor\" data-id=\"9ce2ae2\" data-element_type=\"widget\" data-widget_type=\"text-editor.default\">\n\t\t\t\t<div class=\"elementor-widget-container\">\n\t\t\t\t\t\t\t\t\t<h5 class=\"elementor-heading-title elementor-size-default elementor-inline-editing pen\" style=\"font-family: -apple-system, BlinkMacSystemFont, 'Segoe UI', Roboto, 'Helvetica Neue', Arial, 'Noto Sans', sans-serif, 'Apple Color Emoji', 'Segoe UI Emoji', 'Segoe UI Symbol', 'Noto Color Emoji'; color: #3b5ae9;\" spellcheck=\"false\" data-elementor-setting-key=\"title\" data-pen-placeholder=\"Type Here...\" data-qb-tmp-id=\"lt-9847\" data-gramm=\"false\"><strong><span style=\"color: #000000;\">Domingo 28 de junio 2026<\/span><\/strong><\/h5><p><strong><b>SALIDA<\/b><\/strong>: Parqueo Telef\u00e9rico Puerto Plata<\/p><p><strong><b>HORA<\/b><\/strong>: 06:00 AM<\/p><p><strong><b>LLEGADA<\/b><\/strong>: Cima de la Loma Isabel de Torres<\/p><pre><strong>Regreso a Puerto Plata en safari o en transporte individual por cuenta propia.<\/strong><\/pre><p><strong>Tiempo limite para terminar la carrera es de 6,30 horas con un corte al CP3 \u00a0km 16 a las 10:30AM.<\/strong><\/p><p>Recorrido con desniveles y de dificultad en monta\u00f1a con caminos rocosos.<\/p>\t\t\t\t\t\t\t\t<\/div>\n\t\t\t\t<\/div>\n\t\t\t\t<\/div>\n\t\t\t\t<\/div>\n\t\t\t\t\t<\/div>\n\t\t\t\t<\/div>\n\t\t<div class=\"elementor-element elementor-element-6d88b88 e-flex e-con-boxed wpr-particle-no wpr-jarallax-no wpr-parallax-no wpr-sticky-section-no e-con e-parent\" data-id=\"6d88b88\" data-element_type=\"container\">\n\t\t\t\t\t<div class=\"e-con-inner\">\n\t\t\t\t<div class=\"elementor-element elementor-element-364be41 elementor-widget elementor-widget-text-editor\" data-id=\"364be41\" data-element_type=\"widget\" data-widget_type=\"text-editor.default\">\n\t\t\t\t<div class=\"elementor-widget-container\">\n\t\t\t\t\t\t\t\t\t<p>Puntos de hidrataci\u00f2n:<\/p><p><strong><b>CP1<\/b><\/strong>: Km 6.3 Zona Casabera San Pi\u00f1\u00e9, Comunidad Los Tanos<\/p><p><strong><b>CP2<\/b><\/strong>: Km 10 Final carretera antes de cruzar el r\u00edo<\/p><p><strong><b>CP3<\/b><\/strong>: Km 16 El Cupey<\/p><p>Altimetr\u00eda: +1548m, -851m<\/p><p>Distancia Total: 20.3K<\/p><p>Inclinaci\u00f3n m\u00e1ximo: 45.7%<\/p><p>Suma km tramos en asfalto: 8Km<\/p><p>La organizaci\u00f3n <strong><b>NO<\/b><\/strong>\u00a0facilita transporte hacia la salida de la carrera, los atletas deber\u00e1n llegar al lugar de salida por cuenta propia.<\/p><p><strong><b>ENTREGA DE KITS:<\/b><\/strong><\/p><p><strong><b>Puerto Plata viernes 26 de junio<\/b><\/strong><\/p><p>Lugar a\u00fan no definido<\/p><p><strong><b>Cabarete s\u00e1bado 27 de junio<\/b><\/strong><\/p><p>Hotel Areca (al lado de la Pizzeria Pomodoro frente a la playa)<\/p><p>Playa Cabarete<\/p><p>Hora: De 10am a 1pm y de 2pm a 5pm<\/p><p>Precio carrera: RD$2,500<\/p><p>Inscripciones a trav\u00e9s de la p\u00e1gina <a href=\"http:\/\/www.100kmdelcaribe.com\"><u>www.100kmdelcaribe.com<\/u><\/a>\u00a0o realizando transferencia (enviar comprobante de pago a info@100kmdelcaribe.com):<\/p><p>Banco BHD<\/p><p>Yvette Maria Vinas<\/p><p>Cta. Ahorros 26151650013<\/p><p>Ced 402-4350233-9<\/p><p>Cierre inscripciones: Domingo 14 de junio 2026<\/p><p><strong><b>NO SE ENTREGARAN KITS EN LA SALIDA DE LA CARRERA<\/b><\/strong><\/p>\t\t\t\t\t\t\t\t<\/div>\n\t\t\t\t<\/div>\n\t\t\t\t\t<\/div>\n\t\t\t\t<\/div>\n\t\t<div class=\"elementor-element elementor-element-2d28eaf e-flex e-con-boxed wpr-particle-no wpr-jarallax-no wpr-parallax-no wpr-sticky-section-no e-con e-parent\" data-id=\"2d28eaf\" data-element_type=\"container\">\n\t\t\t\t\t<div class=\"e-con-inner\">\n\t\t\t\t<div class=\"elementor-element elementor-element-2f7210a elementor-widget elementor-widget-image\" data-id=\"2f7210a\" data-element_type=\"widget\" data-widget_type=\"image.default\">\n\t\t\t\t<div class=\"elementor-widget-container\">\n\t\t\t\t\t\t\t\t\t\t\t\t\t\t\t<img decoding=\"async\" width=\"952\" height=\"513\" src=\"https:\/\/100kmdelcaribe.com\/wp-content\/uploads\/2026\/03\/Captura.png\" class=\"attachment-large size-large wp-image-4495\" alt=\"\" srcset=\"https:\/\/100kmdelcaribe.com\/wp-content\/uploads\/2026\/03\/Captura.png 952w, https:\/\/100kmdelcaribe.com\/wp-content\/uploads\/2026\/03\/Captura-300x162.png 300w, https:\/\/100kmdelcaribe.com\/wp-content\/uploads\/2026\/03\/Captura-768x414.png 768w, https:\/\/100kmdelcaribe.com\/wp-content\/uploads\/2026\/03\/Captura-600x323.png 600w\" sizes=\"(max-width: 952px) 100vw, 952px\" \/>\t\t\t\t\t\t\t\t\t\t\t\t\t\t\t<\/div>\n\t\t\t\t<\/div>\n\t\t\t\t\t<\/div>\n\t\t\t\t<\/div>\n\t\t<div class=\"elementor-element elementor-element-8f77d15 e-flex e-con-boxed wpr-particle-no wpr-jarallax-no wpr-parallax-no wpr-sticky-section-no e-con e-parent\" data-id=\"8f77d15\" data-element_type=\"container\">\n\t\t\t\t\t<div class=\"e-con-inner\">\n\t\t\t\t<div class=\"elementor-element elementor-element-e9406ff elementor-widget elementor-widget-text-editor\" data-id=\"e9406ff\" data-element_type=\"widget\" data-widget_type=\"text-editor.default\">\n\t\t\t\t<div class=\"elementor-widget-container\">\n\t\t\t\t\t\t\t\t\t<p style=\"text-align: center;\"><strong><b>DISTANCIA: 20.2 Km<\/b><\/strong><\/p><p style=\"text-align: center;\"><strong><b>ELEVACION: MIN. 81 m. \u2013 PROM. 298 m. \u2013 MAX 786 m.<\/b><\/strong><\/p><p style=\"text-align: center;\"><strong><b>GANANCIA DE ELEVACION: 1548 m.<\/b><\/strong><\/p><p style=\"text-align: center;\"><strong><b>PERDIDA DE ELEVACION: -851 m.<\/b><\/strong><\/p><p style=\"text-align: center;\"><strong><b>INCLINACION MAXIMA: 45.7%, -37.8%<\/b><\/strong><\/p><p style=\"text-align: center;\"><strong><b>INCLINACION PROMEDIO: 11.1%, -10.0%<\/b><\/strong><\/p><p style=\"text-align: center;\"><strong><b>CP1 Km. 6.3<\/b><\/strong><\/p><p style=\"text-align: center;\"><strong><b>CP2 Km. 10<\/b><\/strong><\/p><p style=\"text-align: center;\"><strong><b>CP3 Km. 16<\/b><\/strong><\/p>\t\t\t\t\t\t\t\t<\/div>\n\t\t\t\t<\/div>\n\t\t\t\t\t<\/div>\n\t\t\t\t<\/div>\n\t\t<div class=\"elementor-element elementor-element-8839b69 e-flex e-con-boxed wpr-particle-no wpr-jarallax-no wpr-parallax-no wpr-sticky-section-no e-con e-parent\" data-id=\"8839b69\" data-element_type=\"container\">\n\t\t\t\t\t<div class=\"e-con-inner\">\n\t\t\t\t<div class=\"elementor-element elementor-element-c3438ef elementor-align-center elementor-widget elementor-widget-button\" data-id=\"c3438ef\" data-element_type=\"widget\" data-widget_type=\"button.default\">\n\t\t\t\t<div class=\"elementor-widget-container\">\n\t\t\t\t\t\t\t\t\t<div class=\"elementor-button-wrapper\">\n\t\t\t\t\t<a class=\"elementor-button elementor-button-link elementor-size-sm\" href=\"https:\/\/100kmdelcaribe.com\/index.php\/reglamento\/\" target=\"_blank\">\n\t\t\t\t\t\t<span class=\"elementor-button-content-wrapper\">\n\t\t\t\t\t\t\t\t\t<span class=\"elementor-button-text\">LEER EL REGLAMENTO AQUI<\/span>\n\t\t\t\t\t<\/span>\n\t\t\t\t\t<\/a>\n\t\t\t\t<\/div>\n\t\t\t\t\t\t\t\t<\/div>\n\t\t\t\t<\/div>\n\t\t\t\t\t<\/div>\n\t\t\t\t<\/div>\n\t\t<div class=\"elementor-element elementor-element-cf89f6b e-flex e-con-boxed wpr-particle-no wpr-jarallax-no wpr-parallax-no wpr-sticky-section-no e-con e-parent\" data-id=\"cf89f6b\" data-element_type=\"container\">\n\t\t\t\t\t<div class=\"e-con-inner\">\n\t\t\t\t<div class=\"elementor-element elementor-element-eea17bf wpr-button-icon-style-inline wpr-button-icon-position-right elementor-widget elementor-widget-wpr-button\" data-id=\"eea17bf\" data-element_type=\"widget\" data-widget_type=\"wpr-button.default\">\n\t\t\t\t<div class=\"elementor-widget-container\">\n\t\t\t\t\t\t\n\t\t\t\n\t\t\n\t\t<div class=\"wpr-button-wrap elementor-clearfix\">\n\t\t<a class=\"wpr-button wpr-button-effect elementor-animation-shrink\" data-text=\"Go\" href=\"https:\/\/100kmdelcaribe.com\/index.php\/formularioisabeldetrorrestrail\/\">\n\t\t\t\n\t\t\t<span class=\"wpr-button-content\">\n\t\t\t\t\t\t\t\t\t<span class=\"wpr-button-text\">INSCRIPCIONES<\/span>\n\t\t\t\t\t\t\t\t\n\t\t\t\t\t\t\t\t\t<span class=\"wpr-button-icon\"><svg class=\"e-font-icon-svg e-fas-angle-right\" viewBox=\"0 0 256 512\" xmlns=\"http:\/\/www.w3.org\/2000\/svg\"><path d=\"M224.3 273l-136 136c-9.4 9.4-24.6 9.4-33.9 0l-22.6-22.6c-9.4-9.4-9.4-24.6 0-33.9l96.4-96.4-96.4-96.4c-9.4-9.4-9.4-24.6 0-33.9L54.3 103c9.4-9.4 24.6-9.4 33.9 0l136 136c9.5 9.4 9.5 24.6.1 34z\"><\/path><\/svg><\/span>\n\t\t\t\t\t\t\t<\/span>\n\t\t<\/a>\n\n\t\t\t\t<\/div>\n\t\n\t\n\t\t\t\t\t<\/div>\n\t\t\t\t<\/div>\n\t\t\t\t\t<\/div>\n\t\t\t\t<\/div>\n\t\t\t\t<\/div>\n\t\t","protected":false},"excerpt":{"rendered":"<p>Isabel de Torres Trail Domingo 28 de junio 2026 SALIDA: Parqueo Telef\u00e9rico Puerto Plata HORA: 06:00 AM LLEGADA: Cima de la Loma Isabel de Torres Regreso a Puerto Plata en safari o en transporte individual por cuenta propia. Tiempo limite para terminar la carrera es de 6,30 horas con un corte al CP3 \u00a0km 16 a las 10:30AM. Recorrido con desniveles y de dificultad en monta\u00f1a con caminos rocosos. Puntos de hidrataci\u00f2n: CP1: Km 6.3 Zona Casabera San Pi\u00f1\u00e9, Comunidad Los Tanos CP2: Km 10 Final carretera antes de cruzar el r\u00edo CP3: Km 16 El Cupey Altimetr\u00eda: +1548m, -851m Distancia Total: 20.3K Inclinaci\u00f3n m\u00e1ximo: 45.7% Suma km tramos en asfalto: 8Km La organizaci\u00f3n NO\u00a0facilita transporte hacia la salida de la carrera, los atletas deber\u00e1n llegar al lugar de salida por cuenta propia. ENTREGA DE KITS: Puerto Plata viernes 26 de junio Lugar a\u00fan no definido Cabarete s\u00e1bado 27 de junio Hotel Areca (al lado de la Pizzeria Pomodoro frente a la playa) Playa Cabarete Hora: De 10am a 1pm y de 2pm a 5pm Precio carrera: RD$2,500 Inscripciones a trav\u00e9s de la p\u00e1gina www.100kmdelcaribe.com\u00a0o realizando transferencia (enviar comprobante de pago a info@100kmdelcaribe.com): Banco BHD Yvette Maria Vinas Cta. Ahorros 26151650013 Ced 402-4350233-9 Cierre inscripciones: Domingo 14 de junio 2026 NO SE ENTREGARAN KITS EN LA SALIDA DE LA CARRERA DISTANCIA: 20.2 Km ELEVACION: MIN. 81 m. \u2013 PROM. 298 m. \u2013 MAX 786 m. GANANCIA DE ELEVACION: 1548 m. PERDIDA DE ELEVACION: -851 m. INCLINACION MAXIMA: 45.7%, -37.8% INCLINACION PROMEDIO: 11.1%, -10.0% CP1 Km. 6.3 CP2 Km. 10 CP3 Km. 16 LEER EL REGLAMENTO AQUI INSCRIPCIONES<\/p>\n","protected":false},"author":1,"featured_media":0,"parent":0,"menu_order":0,"comment_status":"closed","ping_status":"closed","template":"","meta":{"footnotes":""},"class_list":["post-3671","page","type-page","status-publish","hentry"],"_links":{"self":[{"href":"https:\/\/100kmdelcaribe.com\/index.php\/wp-json\/wp\/v2\/pages\/3671","targetHints":{"allow":["GET"]}}],"collection":[{"href":"https:\/\/100kmdelcaribe.com\/index.php\/wp-json\/wp\/v2\/pages"}],"about":[{"href":"https:\/\/100kmdelcaribe.com\/index.php\/wp-json\/wp\/v2\/types\/page"}],"author":[{"embeddable":true,"href":"https:\/\/100kmdelcaribe.com\/index.php\/wp-json\/wp\/v2\/users\/1"}],"replies":[{"embeddable":true,"href":"https:\/\/100kmdelcaribe.com\/index.php\/wp-json\/wp\/v2\/comments?post=3671"}],"version-history":[{"count":96,"href":"https:\/\/100kmdelcaribe.com\/index.php\/wp-json\/wp\/v2\/pages\/3671\/revisions"}],"predecessor-version":[{"id":4507,"href":"https:\/\/100kmdelcaribe.com\/index.php\/wp-json\/wp\/v2\/pages\/3671\/revisions\/4507"}],"wp:attachment":[{"href":"https:\/\/100kmdelcaribe.com\/index.php\/wp-json\/wp\/v2\/media?parent=3671"}],"curies":[{"name":"wp","href":"https:\/\/api.w.org\/{rel}","templated":true}]}}