{"id":2301,"date":"2023-12-16T16:20:38","date_gmt":"2023-12-16T16:20:38","guid":{"rendered":"https:\/\/100kmdelcaribe.com\/?page_id=2301"},"modified":"2026-01-16T00:37:27","modified_gmt":"2026-01-16T00:37:27","slug":"100km-del-caribe-non-stop","status":"publish","type":"page","link":"https:\/\/100kmdelcaribe.com\/index.php\/100km-del-caribe-non-stop\/","title":{"rendered":"100km del Caribe Non Stop"},"content":{"rendered":"\t\t<div data-elementor-type=\"wp-page\" data-elementor-id=\"2301\" class=\"elementor elementor-2301\">\n\t\t\t\t<div class=\"elementor-element elementor-element-a85502b e-flex e-con-boxed wpr-particle-no wpr-jarallax-no wpr-parallax-no wpr-sticky-section-no e-con e-parent\" data-id=\"a85502b\" data-element_type=\"container\">\n\t\t\t\t\t<div class=\"e-con-inner\">\n\t\t\t\t<div class=\"elementor-element elementor-element-943a771 elementor-widget-laptop__width-initial elementor-widget elementor-widget-heading\" data-id=\"943a771\" data-element_type=\"widget\" data-widget_type=\"heading.default\">\n\t\t\t\t<div class=\"elementor-widget-container\">\n\t\t\t\t\t<h2 class=\"elementor-heading-title elementor-size-default\">PATROCINADORES<\/h2>\t\t\t\t<\/div>\n\t\t\t\t<\/div>\n\t\t<div class=\"elementor-element elementor-element-e39053f e-flex e-con-boxed wpr-particle-no wpr-jarallax-no wpr-parallax-no wpr-sticky-section-no e-con e-child\" data-id=\"e39053f\" data-element_type=\"container\">\n\t\t\t\t\t<div class=\"e-con-inner\">\n\t\t\t\t<div class=\"elementor-element elementor-element-4f495c7 elementor-widget-laptop__width-initial elementor-widget elementor-widget-image-gallery\" data-id=\"4f495c7\" data-element_type=\"widget\" data-widget_type=\"image-gallery.default\">\n\t\t\t\t<div class=\"elementor-widget-container\">\n\t\t\t\t\t\t\t<div class=\"elementor-image-gallery\">\n\t\t\t<div id='gallery-1' class='gallery galleryid-2301 gallery-columns-2 gallery-size-medium'><figure class='gallery-item'>\n\t\t\t<div class='gallery-icon landscape'>\n\t\t\t\t<a data-elementor-open-lightbox=\"yes\" data-elementor-lightbox-slideshow=\"4f495c7\" data-elementor-lightbox-title=\"6\" data-e-action-hash=\"#elementor-action%3Aaction%3Dlightbox%26settings%3DeyJpZCI6MjUwOSwidXJsIjoiaHR0cHM6XC9cLzEwMGttZGVsY2FyaWJlLmNvbVwvd3AtY29udGVudFwvdXBsb2Fkc1wvMjAyNFwvMDFcLzYtMS5wbmciLCJzbGlkZXNob3ciOiI0ZjQ5NWM3In0%3D\" href='https:\/\/100kmdelcaribe.com\/wp-content\/uploads\/2024\/01\/6-1.png'><img fetchpriority=\"high\" decoding=\"async\" width=\"300\" height=\"300\" src=\"https:\/\/100kmdelcaribe.com\/wp-content\/uploads\/2024\/01\/6-1-300x300.png\" class=\"attachment-medium size-medium\" alt=\"\" srcset=\"https:\/\/100kmdelcaribe.com\/wp-content\/uploads\/2024\/01\/6-1-300x300.png 300w, https:\/\/100kmdelcaribe.com\/wp-content\/uploads\/2024\/01\/6-1-1024x1024.png 1024w, https:\/\/100kmdelcaribe.com\/wp-content\/uploads\/2024\/01\/6-1-150x150.png 150w, https:\/\/100kmdelcaribe.com\/wp-content\/uploads\/2024\/01\/6-1-768x768.png 768w, https:\/\/100kmdelcaribe.com\/wp-content\/uploads\/2024\/01\/6-1.png 1080w\" sizes=\"(max-width: 300px) 100vw, 300px\" \/><\/a>\n\t\t\t<\/div><\/figure><figure class='gallery-item'>\n\t\t\t<div class='gallery-icon landscape'>\n\t\t\t\t<a data-elementor-open-lightbox=\"yes\" data-elementor-lightbox-slideshow=\"4f495c7\" data-elementor-lightbox-title=\"4\" data-e-action-hash=\"#elementor-action%3Aaction%3Dlightbox%26settings%3DeyJpZCI6MjUwNywidXJsIjoiaHR0cHM6XC9cLzEwMGttZGVsY2FyaWJlLmNvbVwvd3AtY29udGVudFwvdXBsb2Fkc1wvMjAyNFwvMDFcLzQtMS5wbmciLCJzbGlkZXNob3ciOiI0ZjQ5NWM3In0%3D\" href='https:\/\/100kmdelcaribe.com\/wp-content\/uploads\/2024\/01\/4-1.png'><img decoding=\"async\" width=\"300\" height=\"300\" src=\"https:\/\/100kmdelcaribe.com\/wp-content\/uploads\/2024\/01\/4-1-300x300.png\" class=\"attachment-medium size-medium\" alt=\"\" srcset=\"https:\/\/100kmdelcaribe.com\/wp-content\/uploads\/2024\/01\/4-1-300x300.png 300w, https:\/\/100kmdelcaribe.com\/wp-content\/uploads\/2024\/01\/4-1-1024x1024.png 1024w, https:\/\/100kmdelcaribe.com\/wp-content\/uploads\/2024\/01\/4-1-150x150.png 150w, https:\/\/100kmdelcaribe.com\/wp-content\/uploads\/2024\/01\/4-1-768x768.png 768w, https:\/\/100kmdelcaribe.com\/wp-content\/uploads\/2024\/01\/4-1.png 1080w\" sizes=\"(max-width: 300px) 100vw, 300px\" \/><\/a>\n\t\t\t<\/div><\/figure>\n\t\t<\/div>\n\t\t<\/div>\n\t\t\t\t\t\t<\/div>\n\t\t\t\t<\/div>\n\t\t\t\t\t<\/div>\n\t\t\t\t<\/div>\n\t\t\t\t\t<\/div>\n\t\t\t\t<\/div>\n\t\t<div class=\"elementor-element elementor-element-3cad3f4 e-flex e-con-boxed wpr-particle-no wpr-jarallax-no wpr-parallax-no wpr-sticky-section-no e-con e-parent\" data-id=\"3cad3f4\" data-element_type=\"container\">\n\t\t\t\t\t<div class=\"e-con-inner\">\n\t\t<div class=\"elementor-element elementor-element-8d72b95 e-con-full e-flex wpr-particle-no wpr-jarallax-no wpr-parallax-no wpr-sticky-section-no e-con e-child\" data-id=\"8d72b95\" data-element_type=\"container\">\n\t\t\t\t<div class=\"elementor-element elementor-element-9b4fd0e elementor-widget elementor-widget-image\" data-id=\"9b4fd0e\" data-element_type=\"widget\" data-widget_type=\"image.default\">\n\t\t\t\t<div class=\"elementor-widget-container\">\n\t\t\t\t\t\t\t\t\t\t\t\t\t\t\t<img decoding=\"async\" width=\"960\" height=\"640\" src=\"https:\/\/100kmdelcaribe.com\/wp-content\/uploads\/2025\/06\/DSC09729-scaled-1-1024x683.jpg\" class=\"elementor-animation-shrink attachment-large size-large wp-image-4121\" alt=\"\" srcset=\"https:\/\/100kmdelcaribe.com\/wp-content\/uploads\/2025\/06\/DSC09729-scaled-1-1024x683.jpg 1024w, https:\/\/100kmdelcaribe.com\/wp-content\/uploads\/2025\/06\/DSC09729-scaled-1-300x200.jpg 300w, https:\/\/100kmdelcaribe.com\/wp-content\/uploads\/2025\/06\/DSC09729-scaled-1-768x512.jpg 768w, https:\/\/100kmdelcaribe.com\/wp-content\/uploads\/2025\/06\/DSC09729-scaled-1-1536x1024.jpg 1536w, https:\/\/100kmdelcaribe.com\/wp-content\/uploads\/2025\/06\/DSC09729-scaled-1-600x400.jpg 600w, https:\/\/100kmdelcaribe.com\/wp-content\/uploads\/2025\/06\/DSC09729-scaled-1.jpg 1600w\" sizes=\"(max-width: 960px) 100vw, 960px\" \/>\t\t\t\t\t\t\t\t\t\t\t\t\t\t\t<\/div>\n\t\t\t\t<\/div>\n\t\t\t\t<\/div>\n\t\t<div class=\"elementor-element elementor-element-8a263bc e-con-full e-flex wpr-particle-no wpr-jarallax-no wpr-parallax-no wpr-sticky-section-no e-con e-child\" data-id=\"8a263bc\" data-element_type=\"container\">\n\t\t\t\t<div class=\"elementor-element elementor-element-a5194de elementor-widget-laptop__width-initial elementor-widget elementor-widget-heading\" data-id=\"a5194de\" data-element_type=\"widget\" data-widget_type=\"heading.default\">\n\t\t\t\t<div class=\"elementor-widget-container\">\n\t\t\t\t\t<h2 class=\"elementor-heading-title elementor-size-default\">100km Non Stop By Propagas 2027<\/h2>\t\t\t\t<\/div>\n\t\t\t\t<\/div>\n\t\t\t\t<div class=\"elementor-element elementor-element-a6bb6bf elementor-widget elementor-widget-text-editor\" data-id=\"a6bb6bf\" data-element_type=\"widget\" data-widget_type=\"text-editor.default\">\n\t\t\t\t<div class=\"elementor-widget-container\">\n\t\t\t\t\t\t\t\t\t<p style=\"line-height: normal; text-align: left;\" align=\"center\"><strong>100KM DEL CARIBE NON STOP by PROPAGAS 9na Edici\u00f3n <\/strong><\/p><p style=\"line-height: normal; text-align: left;\" align=\"center\">San Jos\u00e9 de Ocoa &#8211; Constanza<\/p><p style=\"text-align: left;\" align=\"center\"><strong>100km del Caribe NON STOP by Propagas\"<\/strong> es una carrera ecol\u00f3gica en una sola etapa, que promueve el desarrollo y cuidado de nuestro medio ambiente y recursos naturales.<\/p><p style=\"text-align: left;\" align=\"center\">El evento tiene lugar casi enteramente en camino de tierra a una altitud de 397 m a 2478 m.<\/p><p style=\"text-align: left;\" align=\"center\">El evento es en semi autosuficiencia, tomar en cuenta las distancias entre los puntos de avituallamiento (CP) y abastecerse de lo necesario en cada punto.<\/p><p style=\"text-align: left;\" align=\"center\"><span style=\"color: #000000;\"><strong>Leer bien las reglas e informaciones de la carrera (ver Reglas de la Carrera).<\/strong><\/span><\/p>\t\t\t\t\t\t\t\t<\/div>\n\t\t\t\t<\/div>\n\t\t\t\t<\/div>\n\t\t\t\t\t<\/div>\n\t\t\t\t<\/div>\n\t\t<div class=\"elementor-element elementor-element-637efbe e-flex e-con-boxed wpr-particle-no wpr-jarallax-no wpr-parallax-no wpr-sticky-section-no e-con e-parent\" data-id=\"637efbe\" data-element_type=\"container\">\n\t\t\t\t\t<div class=\"e-con-inner\">\n\t\t\t\t<div class=\"elementor-element elementor-element-8e7a799 elementor-widget elementor-widget-text-editor\" data-id=\"8e7a799\" data-element_type=\"widget\" data-widget_type=\"text-editor.default\">\n\t\t\t\t<div class=\"elementor-widget-container\">\n\t\t\t\t\t\t\t\t\t<p style=\"line-height: normal; text-align: left;\" align=\"center\"><span style=\"color: #0000ff;\"><strong>SALIDA:<\/strong><\/span> Hora 4:00 AM del s\u00e1bado 6 de marzo del 2027 \u2013 Rancho Francisco &#8211; San Jos\u00e9 de Ocoa. <br \/><span style=\"color: #0000ff;\"><strong>LLEGADA:<\/strong><\/span> Hotel Altocerro &#8211; Constanza<\/p><p style=\"line-height: normal; text-align: left;\" align=\"center\"><strong>Hora m\u00e1xima 4:00 AM domingo 7 de marzo 2027 (tiempo m\u00e1ximo 24 horas)<\/strong><\/p><p style=\"line-height: normal; text-align: left;\" align=\"center\">RUTA EN KM: 102.8 km<br \/>ALTIMETR\u00cdA: +3486 mt , -2647mt <br \/>ALTITUD M\u00cdNIMA: 397 m s.n.m.<br \/>ALTITUD M\u00c1XIMA: 2478 m s.n.m.<br \/>ALTITUD LLEGADA: 1237 m.s.n.m.<\/p><p><span style=\"color: #0000ff;\"><strong>CHECK POINTS \/ AVITUALLAMIENTOS<\/strong><\/span> <br \/><strong>Punto volante &#8211; Km 10.5<\/strong><br \/>CP1 &#8211; Km 17 &#8211; Sabana Larga. Inicio carretera hacia Valle Nuevo &#8211; Gatorade, agua, t\u00e9, caf\u00e9, galletas.<br \/><strong><span style=\"color: #ff0000;\">Corte de tiempo<\/span><\/strong> 7:45 AM &#8211; Tiempo m\u00e1ximo estimado caminante <span style=\"color: #339966;\">3:46H<\/span><br \/>CP2 &#8211; Km 31.4 \u2013 Puente de la Horma &#8211; Gatorade, agua, t\u00e9, caf\u00e9, galletas.<br \/><strong><span style=\"color: #ff0000;\">Corte de tiempo<\/span><\/strong> 11:00 AM &#8211; Tiempo m\u00e1ximo estimado caminante<span style=\"color: #339966;\"> 3:18H<\/span><br \/>CP3 &#8211; Km 48 &#8211; La Nuez &#8211; Gatorade, agua, t\u00e9, caf\u00e9, galletas, fruta.<br \/><strong><span style=\"color: #ff0000;\">Corte de tiempo<\/span><\/strong> 3:20 PM &#8211; Tiempo m\u00e1ximo estimado caminante <span style=\"color: #339966;\">4:18H<\/span><br \/>CP4 &#8211; Km 56.5 \u2013 La Pir\u00e1mide \u2013 Comida caliente <br \/><strong><span style=\"color: #ff0000;\">Corte de tiempo<\/span><\/strong> 5:30 PM &#8211; Tiempo m\u00e1ximo estimado caminante <span style=\"color: #339966;\">2:06H<\/span><br \/>CP5 &#8211; Km 69.8 \u2013 Parque Militar Rancho al Medio &#8211; Gatorade, agua, t\u00e9, caf\u00e9, galletas, fruta.<br \/><strong><span style=\"color: #ff0000;\">Corte de tiempo<\/span><\/strong> 8:30 PM &#8211; Tiempo m\u00e1ximo estimado caminante <span style=\"color: #339966;\">2:46H<\/span><br \/>CP6 &#8211; Km 82.3 \u2013 La Siberia, Caseta salida del parque &#8211; Comida caliente <br \/><strong><span style=\"color: #ff0000;\">Corte de tiempo<\/span><\/strong> 11:10 PM &#8211; Tiempo m\u00e1ximo estimado caminante <span style=\"color: #339966;\">2:33H<\/span><br \/><strong>Punto Volante<\/strong> &#8211; Km 87<br \/>CP7 &#8211; Km 96.8 &#8211; Cruce Rio Grande &#8211; Gatorade, agua, t\u00e9, caf\u00e9, galletas, fruta.<br \/><span style=\"color: #ff0000;\"><strong>Corte de tiempo<\/strong><\/span> 02:40 AM 7 de marzo &#8211; Tiempo m\u00e1ximo estimado caminante <span style=\"color: #339966;\">3:21H<\/span><br \/>META &#8211; Km 102.8 \u2013 Hotel Altocerro \u2013 Snacks variados, caf\u00e9, t\u00e9. <br \/><strong>Hora m\u00e1xima<\/strong> 4:00 AM 7 de marzo Tiempo m\u00e1ximo estimado caminante <span style=\"color: #339966;\">1:20H<\/span><\/p><p><span style=\"color: #0000ff;\"><strong>PRECIO CARRERA:<\/strong><\/span> 100K &#8211; Precio por persona <span style=\"color: #000000;\">RD$10,000<\/span> hasta el 31 de diciembre 2026. A partir del 1ero de enero hasta el lunes 15 de febrero 2027: RD$11,500<\/p><p><span style=\"color: #ff0000;\"><strong>CIERRE INSCRIPCIONES: Lunes 15 de febrero 2027.<\/strong><\/span><\/p><p><strong>Para reservaciones en Hotel Altocerro: www.altocerro.com Tel: +1 809 530 6192 o contactanos info@100kmdelcaribe.com<\/strong><\/p><h4><span style=\"text-decoration: underline;\"><strong><span style=\"color: #000000; text-decoration: underline;\">50K CATEGOR\u00cdA INDIVIDUAL <\/span><\/strong><\/span><\/h4><h4>La Pir\u00e1mide \u2013 Constanza<\/h4><p>100km del Caribe NON STOP by Propagas\" es una carrera ecol\u00f3gica en una sola etapa, que promueve el desarrollo y cuidado de nuestro medio ambiente y recursos naturales. La categor\u00eda de 50K tiene lugar en gran parte en camino de tierra con tramos de asfalto. La salida de la carrera es en el emblem\u00e1tico lugar de La Pir\u00e1mide a una altitud de 2,479m s.n.m. <br \/>El evento es en semi autosuficiencia, tomar en cuenta las distancias entre los puntos de avituallamiento (CP) y abastecerse de lo necesario en cada punto.<\/p><p><br \/><strong>Leer bien las reglas e informaciones de la carrera (ver Reglas de la Carrera).<\/strong><\/p><p>\u00a0<\/p><p><strong><span style=\"color: #0000ff;\">SALIDA:<\/span> <\/strong>Hora 10:00 AM del s\u00e1bado 6 de marzo 2027 \u2013 La Pir\u00e1mide Parque Nacional Valle Nuevo<br \/><strong><span style=\"color: #0000ff;\">LLEGADA:<\/span><\/strong> Hotel Altocerro &#8211; Constanza<br \/>Hora m\u00e1xima 10:00 PM s\u00e1bado 6 de marzo 2027 (tiempo m\u00e1ximo 12 horas)<\/p><p><br \/><strong>RUTA EN KM: 50K<\/strong><br \/>ALTIMETR\u00cdA: +1044 mt , -2179mt <br \/>ALTITUD M\u00cdNIMA: 1149 m s.n.m.<br \/>ALTITUD M\u00c1XIMA: 2479 m s.n.m.<br \/>ALTITUD LLEGADA: 1237 m.s.n.m.<br \/>\u2981 La organizaci\u00f3n llevar\u00e1 a los atletas, en safari, a La Pir\u00e1mide desde el Hotel Altocerro en Constanza a las 6:00AM el s\u00e1bado 6 de marzo.<br \/>\u2981 Este servicio se ofrecer\u00e1 solo para los atletas de los 50K desde Constanza y NO desde San Jos\u00e9 de Ocoa.<\/p><p><strong>CHECK POINTS \/ AVITUALLAMIENTOS<\/strong> <br \/><strong><span style=\"color: #0000ff;\">SALIDA:<\/span> <\/strong>La Pir\u00e1mide 10AM<br \/>CP1 &#8211; Km 13.2 \u2013 Parque Militar Rancho al Medio &#8211; Gatorade, agua, t\u00e9, caf\u00e9, galletas, fruta. <br \/><strong><span style=\"color: #ff0000;\">Corte de tiempo<\/span><\/strong> 1:00PM &#8211; 3h<br \/>CP2 &#8211; Km 25.8 \u2013 La Siberia, Caseta salida del parque &#8211; Comida caliente <br \/><strong><span style=\"color: #ff0000;\">Corte de tiempo<\/span><\/strong> 4:30PM &#8211; 3.5h<br \/>Punto Volante El Convento &#8211; Km 31.2 <br \/>CP3 &#8211; Km 40.1 &#8211; Cruce Rio Grande &#8211; Gatorade, agua, t\u00e9, caf\u00e9, galletas, fruta.<br \/><strong><span style=\"color: #ff0000;\">Corte de tiempo<\/span><\/strong> 8:00 PM &#8211; 3.5h<br \/><strong><span style=\"color: #0000ff;\">META<\/span><\/strong> &#8211; Km 50 \u2013 Hotel Altocerro \u2013 Sandwiches, Comida caliente, caf\u00e9, t\u00e9 <br \/>Tiempo m\u00e1ximo 10PM &#8211; 2h<\/p><p><span style=\"color: #0000ff;\"><strong>PRECIO CARRERA 50K<\/strong><\/span>: RD$8,000 hasta el 31 de diciembre 2026. A partir del 1ero de enero hasta el 15 de febrero 2027: RD$9,500.<\/p><p><br \/><span style=\"color: #ff0000;\"><strong>CIERRE INSCRIPCIONES: Lunes15 de febrero 2027<\/strong><\/span><\/p><p><br \/><strong>Para reservaciones en Hotel Altocerro: www.altocerro.com Tel: +1 809 530 6192<\/strong><br \/><strong>o contactanos info@100kmdelcaribe.com<\/strong><\/p>\t\t\t\t\t\t\t\t<\/div>\n\t\t\t\t<\/div>\n\t\t\t\t\t<\/div>\n\t\t\t\t<\/div>\n\t\t<div class=\"elementor-element elementor-element-eacfe48 e-flex e-con-boxed wpr-particle-no wpr-jarallax-no wpr-parallax-no wpr-sticky-section-no e-con e-parent\" data-id=\"eacfe48\" data-element_type=\"container\">\n\t\t\t\t\t<div class=\"e-con-inner\">\n\t\t<div class=\"elementor-element elementor-element-ed2da17 e-con-full e-flex wpr-particle-no wpr-jarallax-no wpr-parallax-no wpr-sticky-section-no e-con e-child\" data-id=\"ed2da17\" data-element_type=\"container\">\n\t\t\t\t<div class=\"elementor-element elementor-element-bbaef9a elementor-widget elementor-widget-button\" data-id=\"bbaef9a\" data-element_type=\"widget\" data-widget_type=\"button.default\">\n\t\t\t\t<div class=\"elementor-widget-container\">\n\t\t\t\t\t\t\t\t\t<div class=\"elementor-button-wrapper\">\n\t\t\t\t\t<a class=\"elementor-button elementor-button-link elementor-size-sm\" href=\"https:\/\/100kmdelcaribe.com\/index.php\/reglamento\/\" target=\"_blank\">\n\t\t\t\t\t\t<span class=\"elementor-button-content-wrapper\">\n\t\t\t\t\t\t\t\t\t<span class=\"elementor-button-text\">LEER EL REGLAMENTO AQUI<\/span>\n\t\t\t\t\t<\/span>\n\t\t\t\t\t<\/a>\n\t\t\t\t<\/div>\n\t\t\t\t\t\t\t\t<\/div>\n\t\t\t\t<\/div>\n\t\t\t\t<\/div>\n\t\t\t\t\t<\/div>\n\t\t\t\t<\/div>\n\t\t<div class=\"elementor-element elementor-element-0fde11e e-flex e-con-boxed wpr-particle-no wpr-jarallax-no wpr-parallax-no wpr-sticky-section-no e-con e-parent\" data-id=\"0fde11e\" data-element_type=\"container\">\n\t\t\t\t\t<div class=\"e-con-inner\">\n\t\t\t\t<div class=\"elementor-element elementor-element-55246a0 wpr-button-icon-style-inline wpr-button-icon-position-right elementor-widget elementor-widget-wpr-button\" data-id=\"55246a0\" data-element_type=\"widget\" data-widget_type=\"wpr-button.default\">\n\t\t\t\t<div class=\"elementor-widget-container\">\n\t\t\t\t\t\t\n\t\t\t\n\t\t\n\t\t<div class=\"wpr-button-wrap elementor-clearfix\">\n\t\t<div class=\"wpr-button wpr-button-effect elementor-animation-shrink\" data-text=\"Go\">\n\t\t\t\n\t\t\t<span class=\"wpr-button-content\">\n\t\t\t\t\t\t\t\t\t<span class=\"wpr-button-text\">PROXIMAMENTE<\/span>\n\t\t\t\t\t\t\t\t\n\t\t\t\t\t\t\t\t\t<span class=\"wpr-button-icon\"><svg class=\"e-font-icon-svg e-fas-angle-right\" viewBox=\"0 0 256 512\" xmlns=\"http:\/\/www.w3.org\/2000\/svg\"><path d=\"M224.3 273l-136 136c-9.4 9.4-24.6 9.4-33.9 0l-22.6-22.6c-9.4-9.4-9.4-24.6 0-33.9l96.4-96.4-96.4-96.4c-9.4-9.4-9.4-24.6 0-33.9L54.3 103c9.4-9.4 24.6-9.4 33.9 0l136 136c9.5 9.4 9.5 24.6.1 34z\"><\/path><\/svg><\/span>\n\t\t\t\t\t\t\t<\/span>\n\t\t<\/div>\n\n\t\t\t\t<\/div>\n\t\n\t\n\t\t\t\t\t<\/div>\n\t\t\t\t<\/div>\n\t\t\t\t\t<\/div>\n\t\t\t\t<\/div>\n\t\t\t\t<\/div>\n\t\t","protected":false},"excerpt":{"rendered":"<p>PATROCINADORES 100km Non Stop By Propagas 2027 100KM DEL CARIBE NON STOP by PROPAGAS 9na Edici\u00f3n San Jos\u00e9 de Ocoa &#8211; Constanza 100km del Caribe NON STOP by Propagas\" es una carrera ecol\u00f3gica en una sola etapa, que promueve el desarrollo y cuidado de nuestro medio ambiente y recursos naturales. El evento tiene lugar casi enteramente en camino de tierra a una altitud de 397 m a 2478 m. El evento es en semi autosuficiencia, tomar en cuenta las distancias entre los puntos de avituallamiento (CP) y abastecerse de lo necesario en cada punto. Leer bien las reglas e informaciones de la carrera (ver Reglas de la Carrera). SALIDA: Hora 4:00 AM del s\u00e1bado 6 de marzo del 2027 \u2013 Rancho Francisco &#8211; San Jos\u00e9 de Ocoa. LLEGADA: Hotel Altocerro &#8211; Constanza Hora m\u00e1xima 4:00 AM domingo 7 de marzo 2027 (tiempo m\u00e1ximo 24 horas) RUTA EN KM: 102.8 kmALTIMETR\u00cdA: +3486 mt , -2647mt ALTITUD M\u00cdNIMA: 397 m s.n.m.ALTITUD M\u00c1XIMA: 2478 m s.n.m.ALTITUD LLEGADA: 1237 m.s.n.m. CHECK POINTS \/ AVITUALLAMIENTOS Punto volante &#8211; Km 10.5CP1 &#8211; Km 17 &#8211; Sabana Larga. Inicio carretera hacia Valle Nuevo &#8211; Gatorade, agua, t\u00e9, caf\u00e9, galletas.Corte de tiempo 7:45 AM &#8211; Tiempo m\u00e1ximo estimado caminante 3:46HCP2 &#8211; Km 31.4 \u2013 Puente de la Horma &#8211; Gatorade, agua, t\u00e9, caf\u00e9, galletas.Corte de tiempo 11:00 AM &#8211; Tiempo m\u00e1ximo estimado caminante 3:18HCP3 &#8211; Km 48 &#8211; La Nuez &#8211; Gatorade, agua, t\u00e9, caf\u00e9, galletas, fruta.Corte de tiempo 3:20 PM &#8211; Tiempo m\u00e1ximo estimado caminante 4:18HCP4 &#8211; Km 56.5 \u2013 La Pir\u00e1mide \u2013 Comida caliente Corte de tiempo 5:30 PM &#8211; Tiempo m\u00e1ximo estimado caminante 2:06HCP5 &#8211; Km 69.8 \u2013 Parque Militar Rancho al Medio &#8211; Gatorade, agua, t\u00e9, caf\u00e9, galletas, fruta.Corte de tiempo 8:30 PM &#8211; Tiempo m\u00e1ximo estimado caminante 2:46HCP6 &#8211; Km 82.3 \u2013 La Siberia, Caseta salida del parque &#8211; Comida caliente Corte de tiempo 11:10 PM &#8211; Tiempo m\u00e1ximo estimado caminante 2:33HPunto Volante &#8211; Km 87CP7 &#8211; Km 96.8 &#8211; Cruce Rio Grande &#8211; Gatorade, agua, t\u00e9, caf\u00e9, galletas, fruta.Corte de tiempo 02:40 AM 7 de marzo &#8211; Tiempo m\u00e1ximo estimado caminante 3:21HMETA &#8211; Km 102.8 \u2013 Hotel Altocerro \u2013 Snacks variados, caf\u00e9, t\u00e9. Hora m\u00e1xima 4:00 AM 7 de marzo Tiempo m\u00e1ximo estimado caminante 1:20H PRECIO CARRERA: 100K &#8211; Precio por persona RD$10,000 hasta el 31 de diciembre 2026. A partir del 1ero de enero hasta el lunes 15 de febrero 2027: RD$11,500 CIERRE INSCRIPCIONES: Lunes 15 de febrero 2027. Para reservaciones en Hotel Altocerro: www.altocerro.com Tel: +1 809 530 6192 o contactanos info@100kmdelcaribe.com 50K CATEGOR\u00cdA INDIVIDUAL La Pir\u00e1mide \u2013 Constanza 100km del Caribe NON STOP by Propagas\" es una carrera ecol\u00f3gica en una sola etapa, que promueve el desarrollo y cuidado de nuestro medio ambiente y recursos naturales. La categor\u00eda de 50K tiene lugar en gran parte en camino de tierra con tramos de asfalto. La salida de la carrera es en el emblem\u00e1tico lugar de La Pir\u00e1mide a una altitud de 2,479m s.n.m. El evento es en semi autosuficiencia, tomar en cuenta las distancias entre los puntos de avituallamiento (CP) y abastecerse de lo necesario en cada punto. Leer bien las reglas e informaciones de la carrera (ver Reglas de la Carrera). \u00a0 SALIDA: Hora 10:00 AM del s\u00e1bado 6 de marzo 2027 \u2013 La Pir\u00e1mide Parque Nacional Valle NuevoLLEGADA: Hotel Altocerro &#8211; ConstanzaHora m\u00e1xima 10:00 PM s\u00e1bado 6 de marzo 2027 (tiempo m\u00e1ximo 12 horas) RUTA EN KM: 50KALTIMETR\u00cdA: +1044 mt , -2179mt ALTITUD M\u00cdNIMA: 1149 m s.n.m.ALTITUD M\u00c1XIMA: 2479 m s.n.m.ALTITUD LLEGADA: 1237 m.s.n.m.\u2981 La organizaci\u00f3n llevar\u00e1 a los atletas, en safari, a La Pir\u00e1mide desde el Hotel Altocerro en Constanza a las 6:00AM el s\u00e1bado 6 de marzo.\u2981 Este servicio se ofrecer\u00e1 solo para los atletas de los 50K desde Constanza y NO desde San Jos\u00e9 de Ocoa. CHECK POINTS \/ AVITUALLAMIENTOS SALIDA: La Pir\u00e1mide 10AMCP1 &#8211; Km 13.2 \u2013 Parque Militar Rancho al Medio &#8211; Gatorade, agua, t\u00e9, caf\u00e9, galletas, fruta. Corte de tiempo 1:00PM &#8211; 3hCP2 &#8211; Km 25.8 \u2013 La Siberia, Caseta salida del parque &#8211; Comida caliente Corte de tiempo 4:30PM &#8211; 3.5hPunto Volante El Convento &#8211; Km 31.2 CP3 &#8211; Km 40.1 &#8211; Cruce Rio Grande &#8211; Gatorade, agua, t\u00e9, caf\u00e9, galletas, fruta.Corte de tiempo 8:00 PM &#8211; 3.5hMETA &#8211; Km 50 \u2013 Hotel Altocerro \u2013 Sandwiches, Comida caliente, caf\u00e9, t\u00e9 Tiempo m\u00e1ximo 10PM &#8211; 2h PRECIO CARRERA 50K: RD$8,000 hasta el 31 de diciembre 2026. A partir del 1ero de enero hasta el 15 de febrero 2027: RD$9,500. CIERRE INSCRIPCIONES: Lunes15 de febrero 2027 Para reservaciones en Hotel Altocerro: www.altocerro.com Tel: +1 809 530 6192o contactanos info@100kmdelcaribe.com LEER EL REGLAMENTO AQUI PROXIMAMENTE<\/p>\n","protected":false},"author":1,"featured_media":0,"parent":0,"menu_order":0,"comment_status":"closed","ping_status":"closed","template":"","meta":{"footnotes":""},"class_list":["post-2301","page","type-page","status-publish","hentry"],"_links":{"self":[{"href":"https:\/\/100kmdelcaribe.com\/index.php\/wp-json\/wp\/v2\/pages\/2301","targetHints":{"allow":["GET"]}}],"collection":[{"href":"https:\/\/100kmdelcaribe.com\/index.php\/wp-json\/wp\/v2\/pages"}],"about":[{"href":"https:\/\/100kmdelcaribe.com\/index.php\/wp-json\/wp\/v2\/types\/page"}],"author":[{"embeddable":true,"href":"https:\/\/100kmdelcaribe.com\/index.php\/wp-json\/wp\/v2\/users\/1"}],"replies":[{"embeddable":true,"href":"https:\/\/100kmdelcaribe.com\/index.php\/wp-json\/wp\/v2\/comments?post=2301"}],"version-history":[{"count":153,"href":"https:\/\/100kmdelcaribe.com\/index.php\/wp-json\/wp\/v2\/pages\/2301\/revisions"}],"predecessor-version":[{"id":4417,"href":"https:\/\/100kmdelcaribe.com\/index.php\/wp-json\/wp\/v2\/pages\/2301\/revisions\/4417"}],"wp:attachment":[{"href":"https:\/\/100kmdelcaribe.com\/index.php\/wp-json\/wp\/v2\/media?parent=2301"}],"curies":[{"name":"wp","href":"https:\/\/api.w.org\/{rel}","templated":true}]}}